{"id":617,"date":"2020-11-21T12:51:07","date_gmt":"2020-11-21T12:51:07","guid":{"rendered":"https:\/\/www.vereinskassenwart.de\/?page_id=617"},"modified":"2022-11-24T10:20:41","modified_gmt":"2022-11-24T10:20:41","slug":"leistungsuebersicht","status":"publish","type":"page","link":"https:\/\/www.vereinskassenwart.de\/index.php\/leistungsuebersicht\/","title":{"rendered":"Leistungs\u00fcbersicht"},"content":{"rendered":"\t\t<div data-elementor-type=\"wp-page\" data-elementor-id=\"617\" class=\"elementor elementor-617\" data-elementor-post-type=\"page\">\n\t\t\t\t\t\t<section class=\"elementor-section elementor-top-section elementor-element elementor-element-522acda8 elementor-section-full_width elementor-section-height-min-height elementor-section-items-stretch elementor-section-height-default\" data-id=\"522acda8\" data-element_type=\"section\" data-e-type=\"section\" data-settings=\"{&quot;sticky&quot;:&quot;top&quot;,&quot;background_background&quot;:&quot;classic&quot;,&quot;sticky_on&quot;:[&quot;desktop&quot;,&quot;tablet&quot;,&quot;mobile&quot;],&quot;sticky_offset&quot;:0,&quot;sticky_effects_offset&quot;:0,&quot;sticky_anchor_link_offset&quot;:0}\">\n\t\t\t\t\t\t<div class=\"elementor-container elementor-column-gap-default\">\n\t\t\t\t\t<div class=\"elementor-column elementor-col-50 elementor-top-column elementor-element elementor-element-2ea88d33\" data-id=\"2ea88d33\" data-element_type=\"column\" data-e-type=\"column\">\n\t\t\t<div class=\"elementor-widget-wrap elementor-element-populated\">\n\t\t\t\t\t\t<div class=\"elementor-element elementor-element-719b04d5 elementor-widget elementor-widget-image\" data-id=\"719b04d5\" data-element_type=\"widget\" data-e-type=\"widget\" data-widget_type=\"image.default\">\n\t\t\t\t<div class=\"elementor-widget-container\">\n\t\t\t\t\t\t\t\t\t\t\t\t\t\t\t\t<a href=\"https:\/\/www.vereinskassenwart.de\">\n\t\t\t\t\t\t\t<img fetchpriority=\"high\" decoding=\"async\" width=\"1562\" height=\"285\" src=\"https:\/\/www.vereinskassenwart.de\/wp-content\/uploads\/2020\/12\/Bild_Start.png\" class=\"attachment-full size-full wp-image-952\" alt=\"\" srcset=\"https:\/\/www.vereinskassenwart.de\/wp-content\/uploads\/2020\/12\/Bild_Start.png 1562w, https:\/\/www.vereinskassenwart.de\/wp-content\/uploads\/2020\/12\/Bild_Start-300x55.png 300w, https:\/\/www.vereinskassenwart.de\/wp-content\/uploads\/2020\/12\/Bild_Start-1024x187.png 1024w, https:\/\/www.vereinskassenwart.de\/wp-content\/uploads\/2020\/12\/Bild_Start-768x140.png 768w, https:\/\/www.vereinskassenwart.de\/wp-content\/uploads\/2020\/12\/Bild_Start-1536x280.png 1536w\" sizes=\"(max-width: 1562px) 100vw, 1562px\" \/>\t\t\t\t\t\t\t\t<\/a>\n\t\t\t\t\t\t\t\t\t\t\t\t\t\t\t<\/div>\n\t\t\t\t<\/div>\n\t\t\t\t\t<\/div>\n\t\t<\/div>\n\t\t\t\t<div class=\"elementor-column elementor-col-50 elementor-top-column elementor-element elementor-element-51f5ec9d\" data-id=\"51f5ec9d\" data-element_type=\"column\" data-e-type=\"column\">\n\t\t\t<div class=\"elementor-widget-wrap elementor-element-populated\">\n\t\t\t\t\t\t<div class=\"elementor-element elementor-element-73d09ce9 elementor-nav-menu__align-end elementor-nav-menu--dropdown-mobile elementor-nav-menu--stretch elementor-nav-menu__text-align-center elementor-nav-menu--toggle elementor-nav-menu--burger elementor-widget elementor-widget-nav-menu\" data-id=\"73d09ce9\" data-element_type=\"widget\" data-e-type=\"widget\" data-settings=\"{&quot;full_width&quot;:&quot;stretch&quot;,&quot;sticky&quot;:&quot;top&quot;,&quot;layout&quot;:&quot;horizontal&quot;,&quot;submenu_icon&quot;:{&quot;value&quot;:&quot;&lt;i class=\\&quot;fas fa-caret-down\\&quot; aria-hidden=\\&quot;true\\&quot;&gt;&lt;\\\/i&gt;&quot;,&quot;library&quot;:&quot;fa-solid&quot;},&quot;toggle&quot;:&quot;burger&quot;,&quot;sticky_on&quot;:[&quot;desktop&quot;,&quot;tablet&quot;,&quot;mobile&quot;],&quot;sticky_offset&quot;:0,&quot;sticky_effects_offset&quot;:0,&quot;sticky_anchor_link_offset&quot;:0}\" data-widget_type=\"nav-menu.default\">\n\t\t\t\t<div class=\"elementor-widget-container\">\n\t\t\t\t\t\t\t\t<nav aria-label=\"Men\u00fc\" class=\"elementor-nav-menu--main elementor-nav-menu__container elementor-nav-menu--layout-horizontal e--pointer-text e--animation-sink\">\n\t\t\t\t<ul id=\"menu-1-73d09ce9\" class=\"elementor-nav-menu\"><li class=\"menu-item menu-item-type-post_type menu-item-object-page menu-item-home menu-item-658\"><a href=\"https:\/\/www.vereinskassenwart.de\/\" class=\"elementor-item\">Startseite<\/a><\/li>\n<\/ul>\t\t\t<\/nav>\n\t\t\t\t\t<div class=\"elementor-menu-toggle\" role=\"button\" tabindex=\"0\" aria-label=\"Men\u00fc Umschalter\" aria-expanded=\"false\">\n\t\t\t<i aria-hidden=\"true\" role=\"presentation\" class=\"elementor-menu-toggle__icon--open eicon-menu-bar\"><\/i><i aria-hidden=\"true\" role=\"presentation\" class=\"elementor-menu-toggle__icon--close eicon-close\"><\/i>\t\t<\/div>\n\t\t\t\t\t<nav class=\"elementor-nav-menu--dropdown elementor-nav-menu__container\" aria-hidden=\"true\">\n\t\t\t\t<ul id=\"menu-2-73d09ce9\" class=\"elementor-nav-menu\"><li class=\"menu-item menu-item-type-post_type menu-item-object-page menu-item-home menu-item-658\"><a href=\"https:\/\/www.vereinskassenwart.de\/\" class=\"elementor-item\" tabindex=\"-1\">Startseite<\/a><\/li>\n<\/ul>\t\t\t<\/nav>\n\t\t\t\t\t\t<\/div>\n\t\t\t\t<\/div>\n\t\t\t\t\t<\/div>\n\t\t<\/div>\n\t\t\t\t\t<\/div>\n\t\t<\/section>\n\t\t\t\t<section class=\"elementor-section elementor-top-section elementor-element elementor-element-4200e9f elementor-section-boxed elementor-section-height-default elementor-section-height-default\" data-id=\"4200e9f\" data-element_type=\"section\" data-e-type=\"section\">\n\t\t\t\t\t\t<div class=\"elementor-container elementor-column-gap-default\">\n\t\t\t\t\t<div class=\"elementor-column elementor-col-33 elementor-top-column elementor-element elementor-element-2dab596 elementor-hidden-phone\" data-id=\"2dab596\" data-element_type=\"column\" data-e-type=\"column\">\n\t\t\t<div class=\"elementor-widget-wrap\">\n\t\t\t\t\t\t\t<\/div>\n\t\t<\/div>\n\t\t\t\t<div class=\"elementor-column elementor-col-33 elementor-top-column elementor-element elementor-element-fca7945\" data-id=\"fca7945\" data-element_type=\"column\" data-e-type=\"column\">\n\t\t\t<div class=\"elementor-widget-wrap elementor-element-populated\">\n\t\t\t\t\t\t<div class=\"elementor-element elementor-element-c34b283 elementor-widget-divider--view-line_text elementor-widget-divider--element-align-center elementor-widget elementor-widget-divider\" data-id=\"c34b283\" data-element_type=\"widget\" data-e-type=\"widget\" data-widget_type=\"divider.default\">\n\t\t\t\t<div class=\"elementor-widget-container\">\n\t\t\t\t\t\t\t<div class=\"elementor-divider\">\n\t\t\t<span class=\"elementor-divider-separator\">\n\t\t\t\t\t\t\t<span class=\"elementor-divider__text elementor-divider__element\">\n\t\t\t\tMeine\t\t\t\t<\/span>\n\t\t\t\t\t\t<\/span>\n\t\t<\/div>\n\t\t\t\t\t\t<\/div>\n\t\t\t\t<\/div>\n\t\t\t\t<div class=\"elementor-element elementor-element-f49c770 elementor-widget elementor-widget-heading\" data-id=\"f49c770\" data-element_type=\"widget\" data-e-type=\"widget\" data-widget_type=\"heading.default\">\n\t\t\t\t<div class=\"elementor-widget-container\">\n\t\t\t\t\t<h2 class=\"elementor-heading-title elementor-size-default\">Leistungs\u00fcbersicht<\/h2>\t\t\t\t<\/div>\n\t\t\t\t<\/div>\n\t\t\t\t\t<\/div>\n\t\t<\/div>\n\t\t\t\t<div class=\"elementor-column elementor-col-33 elementor-top-column elementor-element elementor-element-3a36b63 elementor-hidden-phone\" data-id=\"3a36b63\" data-element_type=\"column\" data-e-type=\"column\">\n\t\t\t<div class=\"elementor-widget-wrap\">\n\t\t\t\t\t\t\t<\/div>\n\t\t<\/div>\n\t\t\t\t\t<\/div>\n\t\t<\/section>\n\t\t\t\t<section class=\"elementor-section elementor-top-section elementor-element elementor-element-2c39ba9 elementor-section-boxed elementor-section-height-default elementor-section-height-default\" data-id=\"2c39ba9\" data-element_type=\"section\" data-e-type=\"section\">\n\t\t\t\t\t\t<div class=\"elementor-container elementor-column-gap-default\">\n\t\t\t\t\t<div class=\"elementor-column elementor-col-100 elementor-top-column elementor-element elementor-element-c19c13e\" data-id=\"c19c13e\" data-element_type=\"column\" data-e-type=\"column\" data-settings=\"{&quot;background_background&quot;:&quot;classic&quot;}\">\n\t\t\t<div class=\"elementor-widget-wrap elementor-element-populated\">\n\t\t\t\t\t\t<div class=\"elementor-element elementor-element-2775ea9 elementor-widget elementor-widget-pdf_viewer\" data-id=\"2775ea9\" data-element_type=\"widget\" data-e-type=\"widget\" data-widget_type=\"pdf_viewer.default\">\n\t\t\t\t<div class=\"elementor-widget-container\">\n\t\t\t\t\t<iframe src=\"https:\/\/docs.google.com\/viewer?url=https:\/\/www.vereinskassenwart.de\/wp-content\/uploads\/2021\/01\/Leistungsuebersicht.pdf&amp;embedded=true\" style=\"display: block; float: left; width: 1155px; height: 1090px;\" frameborder=\"1\" marginheight=\"0px\" marginwidth=\"0px\" allowfullscreen><\/iframe>\t\t\t\t<\/div>\n\t\t\t\t<\/div>\n\t\t\t\t\t<\/div>\n\t\t<\/div>\n\t\t\t\t\t<\/div>\n\t\t<\/section>\n\t\t\t\t<footer class=\"elementor-section elementor-top-section elementor-element elementor-element-466b202e elementor-section-content-middle elementor-section-boxed elementor-section-height-default elementor-section-height-default\" data-id=\"466b202e\" data-element_type=\"section\" data-e-type=\"section\" data-settings=\"{&quot;background_background&quot;:&quot;classic&quot;}\">\n\t\t\t\t\t\t<div class=\"elementor-container elementor-column-gap-default\">\n\t\t\t\t\t<div class=\"elementor-column elementor-col-100 elementor-top-column elementor-element elementor-element-4da16fd9\" data-id=\"4da16fd9\" data-element_type=\"column\" data-e-type=\"column\">\n\t\t\t<div class=\"elementor-widget-wrap elementor-element-populated\">\n\t\t\t\t\t\t<section class=\"elementor-section elementor-inner-section elementor-element elementor-element-294aa441 elementor-section-content-middle elementor-section-boxed elementor-section-height-default elementor-section-height-default\" data-id=\"294aa441\" data-element_type=\"section\" data-e-type=\"section\">\n\t\t\t\t\t\t<div class=\"elementor-container elementor-column-gap-default\">\n\t\t\t\t\t<div class=\"elementor-column elementor-col-50 elementor-inner-column elementor-element elementor-element-78e24c93\" data-id=\"78e24c93\" data-element_type=\"column\" data-e-type=\"column\">\n\t\t\t<div class=\"elementor-widget-wrap elementor-element-populated\">\n\t\t\t\t\t\t<div class=\"elementor-element elementor-element-19ca786d elementor-nav-menu__align-start elementor-nav-menu--dropdown-none elementor-widget elementor-widget-nav-menu\" data-id=\"19ca786d\" data-element_type=\"widget\" data-e-type=\"widget\" data-settings=\"{&quot;layout&quot;:&quot;horizontal&quot;,&quot;submenu_icon&quot;:{&quot;value&quot;:&quot;&lt;i class=\\&quot;fas fa-caret-down\\&quot; aria-hidden=\\&quot;true\\&quot;&gt;&lt;\\\/i&gt;&quot;,&quot;library&quot;:&quot;fa-solid&quot;}}\" data-widget_type=\"nav-menu.default\">\n\t\t\t\t<div class=\"elementor-widget-container\">\n\t\t\t\t\t\t\t\t<nav aria-label=\"Men\u00fc\" class=\"elementor-nav-menu--main elementor-nav-menu__container elementor-nav-menu--layout-horizontal e--pointer-none\">\n\t\t\t\t<ul id=\"menu-1-19ca786d\" class=\"elementor-nav-menu\"><li class=\"menu-item menu-item-type-post_type menu-item-object-page menu-item-23\"><a href=\"https:\/\/www.vereinskassenwart.de\/index.php\/datenschutzerklaerung\/\" class=\"elementor-item\">Datenschutzerkl\u00e4rung<\/a><\/li>\n<li class=\"menu-item menu-item-type-post_type menu-item-object-page menu-item-24\"><a href=\"https:\/\/www.vereinskassenwart.de\/index.php\/impressum\/\" class=\"elementor-item\">Impressum<\/a><\/li>\n<\/ul>\t\t\t<\/nav>\n\t\t\t\t\t\t<nav class=\"elementor-nav-menu--dropdown elementor-nav-menu__container\" aria-hidden=\"true\">\n\t\t\t\t<ul id=\"menu-2-19ca786d\" class=\"elementor-nav-menu\"><li class=\"menu-item menu-item-type-post_type menu-item-object-page menu-item-23\"><a href=\"https:\/\/www.vereinskassenwart.de\/index.php\/datenschutzerklaerung\/\" class=\"elementor-item\" tabindex=\"-1\">Datenschutzerkl\u00e4rung<\/a><\/li>\n<li class=\"menu-item menu-item-type-post_type menu-item-object-page menu-item-24\"><a href=\"https:\/\/www.vereinskassenwart.de\/index.php\/impressum\/\" class=\"elementor-item\" tabindex=\"-1\">Impressum<\/a><\/li>\n<\/ul>\t\t\t<\/nav>\n\t\t\t\t\t\t<\/div>\n\t\t\t\t<\/div>\n\t\t\t\t\t<\/div>\n\t\t<\/div>\n\t\t\t\t<div class=\"elementor-column elementor-col-50 elementor-inner-column elementor-element elementor-element-202f3f09\" data-id=\"202f3f09\" data-element_type=\"column\" data-e-type=\"column\">\n\t\t\t<div class=\"elementor-widget-wrap elementor-element-populated\">\n\t\t\t\t\t\t<div class=\"elementor-element elementor-element-7572a26e elementor-widget elementor-widget-heading\" data-id=\"7572a26e\" data-element_type=\"widget\" data-e-type=\"widget\" data-widget_type=\"heading.default\">\n\t\t\t\t<div class=\"elementor-widget-container\">\n\t\t\t\t\t<p class=\"elementor-heading-title elementor-size-default\">\n+49 174 3508825 <\/p>\t\t\t\t<\/div>\n\t\t\t\t<\/div>\n\t\t\t\t\t<\/div>\n\t\t<\/div>\n\t\t\t\t\t<\/div>\n\t\t<\/section>\n\t\t\t\t<section class=\"elementor-section elementor-inner-section elementor-element elementor-element-4198497b elementor-section-content-middle elementor-section-boxed elementor-section-height-default elementor-section-height-default\" data-id=\"4198497b\" data-element_type=\"section\" data-e-type=\"section\">\n\t\t\t\t\t\t<div class=\"elementor-container elementor-column-gap-default\">\n\t\t\t\t\t<div class=\"elementor-column elementor-col-50 elementor-inner-column elementor-element elementor-element-6ad22ad4\" data-id=\"6ad22ad4\" data-element_type=\"column\" data-e-type=\"column\">\n\t\t\t<div class=\"elementor-widget-wrap elementor-element-populated\">\n\t\t\t\t\t\t<div class=\"elementor-element elementor-element-79a99701 elementor-widget elementor-widget-heading\" data-id=\"79a99701\" data-element_type=\"widget\" data-e-type=\"widget\" data-widget_type=\"heading.default\">\n\t\t\t\t<div class=\"elementor-widget-container\">\n\t\t\t\t\t<p class=\"elementor-heading-title elementor-size-default\"><a href=\"https:\/\/webdesignkonkret.de\" target=\"_blank\">\u00a9 2020 Carsten Orlam\u00fcnder | Webdesign by WebdesignKonkret <\/a><\/p>\t\t\t\t<\/div>\n\t\t\t\t<\/div>\n\t\t\t\t\t<\/div>\n\t\t<\/div>\n\t\t\t\t<div class=\"elementor-column elementor-col-50 elementor-inner-column elementor-element elementor-element-3644a3b0\" data-id=\"3644a3b0\" data-element_type=\"column\" data-e-type=\"column\">\n\t\t\t<div class=\"elementor-widget-wrap elementor-element-populated\">\n\t\t\t\t\t\t<div class=\"elementor-element elementor-element-7d145c30 e-grid-align-right e-grid-align-mobile-center elementor-shape-rounded elementor-grid-0 elementor-widget elementor-widget-social-icons\" data-id=\"7d145c30\" data-element_type=\"widget\" data-e-type=\"widget\" data-widget_type=\"social-icons.default\">\n\t\t\t\t<div class=\"elementor-widget-container\">\n\t\t\t\t\t\t\t<div class=\"elementor-social-icons-wrapper elementor-grid\" role=\"list\">\n\t\t\t\t\t\t\t<span class=\"elementor-grid-item\" role=\"listitem\">\n\t\t\t\t\t<a class=\"elementor-icon elementor-social-icon elementor-social-icon-phone-square-alt elementor-repeater-item-546f128\" href=\"#Kontakt\" target=\"_blank\">\n\t\t\t\t\t\t<span class=\"elementor-screen-only\">Phone-square-alt<\/span>\n\t\t\t\t\t\t<i aria-hidden=\"true\" class=\"fas fa-phone-square-alt\"><\/i>\t\t\t\t\t<\/a>\n\t\t\t\t<\/span>\n\t\t\t\t\t\t\t<span class=\"elementor-grid-item\" role=\"listitem\">\n\t\t\t\t\t<a class=\"elementor-icon elementor-social-icon elementor-social-icon-envelope elementor-repeater-item-a2e005b\" href=\"#Kontakt\" target=\"_blank\">\n\t\t\t\t\t\t<span class=\"elementor-screen-only\">Envelope<\/span>\n\t\t\t\t\t\t<i aria-hidden=\"true\" class=\"far fa-envelope\"><\/i>\t\t\t\t\t<\/a>\n\t\t\t\t<\/span>\n\t\t\t\t\t<\/div>\n\t\t\t\t\t\t<\/div>\n\t\t\t\t<\/div>\n\t\t\t\t\t<\/div>\n\t\t<\/div>\n\t\t\t\t\t<\/div>\n\t\t<\/section>\n\t\t\t\t\t<\/div>\n\t\t<\/div>\n\t\t\t\t\t<\/div>\n\t\t<\/footer>\n\t\t\t\t<\/div>\n\t\t","protected":false},"excerpt":{"rendered":"<p>Meine Leistungs\u00fcbersicht +49 174 3508825 \u00a9 2020 Carsten Orlam\u00fcnder | Webdesign by WebdesignKonkret Phone-square-alt Envelope<\/p>\n","protected":false},"author":1,"featured_media":0,"parent":0,"menu_order":0,"comment_status":"closed","ping_status":"closed","template":"elementor_canvas","meta":{"footnotes":""},"class_list":["post-617","page","type-page","status-publish","hentry"],"yoast_head":"<!-- This site is optimized with the Yoast SEO plugin v26.9 - https:\/\/yoast.com\/product\/yoast-seo-wordpress\/ -->\n<title>Leistungs\u00fcbersicht - Carsten Orlam\u00fcnder<\/title>\n<meta name=\"robots\" content=\"index, follow, max-snippet:-1, max-image-preview:large, max-video-preview:-1\" \/>\n<link rel=\"canonical\" href=\"https:\/\/www.vereinskassenwart.de\/index.php\/leistungsuebersicht\/\" \/>\n<meta property=\"og:locale\" content=\"de_DE\" \/>\n<meta property=\"og:type\" content=\"article\" \/>\n<meta property=\"og:title\" content=\"Leistungs\u00fcbersicht - Carsten Orlam\u00fcnder\" \/>\n<meta property=\"og:description\" content=\"Meine Leistungs\u00fcbersicht +49 174 3508825 \u00a9 2020 Carsten Orlam\u00fcnder | Webdesign by WebdesignKonkret Phone-square-alt Envelope\" \/>\n<meta property=\"og:url\" content=\"https:\/\/www.vereinskassenwart.de\/index.php\/leistungsuebersicht\/\" \/>\n<meta property=\"og:site_name\" content=\"Carsten Orlam\u00fcnder\" \/>\n<meta property=\"article:modified_time\" content=\"2022-11-24T10:20:41+00:00\" \/>\n<meta property=\"og:image\" content=\"https:\/\/www.vereinskassenwart.de\/wp-content\/uploads\/2020\/12\/Bild_Start.png\" \/>\n<meta name=\"twitter:card\" content=\"summary_large_image\" \/>\n<meta name=\"twitter:label1\" content=\"Gesch\u00e4tzte Lesezeit\" \/>\n\t<meta name=\"twitter:data1\" content=\"1\u00a0Minute\" \/>\n<script type=\"application\/ld+json\" class=\"yoast-schema-graph\">{\"@context\":\"https:\/\/schema.org\",\"@graph\":[{\"@type\":\"WebPage\",\"@id\":\"https:\/\/www.vereinskassenwart.de\/index.php\/leistungsuebersicht\/\",\"url\":\"https:\/\/www.vereinskassenwart.de\/index.php\/leistungsuebersicht\/\",\"name\":\"Leistungs\u00fcbersicht - Carsten Orlam\u00fcnder\",\"isPartOf\":{\"@id\":\"https:\/\/www.vereinskassenwart.de\/#website\"},\"primaryImageOfPage\":{\"@id\":\"https:\/\/www.vereinskassenwart.de\/index.php\/leistungsuebersicht\/#primaryimage\"},\"image\":{\"@id\":\"https:\/\/www.vereinskassenwart.de\/index.php\/leistungsuebersicht\/#primaryimage\"},\"thumbnailUrl\":\"https:\/\/www.vereinskassenwart.de\/wp-content\/uploads\/2020\/12\/Bild_Start.png\",\"datePublished\":\"2020-11-21T12:51:07+00:00\",\"dateModified\":\"2022-11-24T10:20:41+00:00\",\"breadcrumb\":{\"@id\":\"https:\/\/www.vereinskassenwart.de\/index.php\/leistungsuebersicht\/#breadcrumb\"},\"inLanguage\":\"de\",\"potentialAction\":[{\"@type\":\"ReadAction\",\"target\":[\"https:\/\/www.vereinskassenwart.de\/index.php\/leistungsuebersicht\/\"]}]},{\"@type\":\"ImageObject\",\"inLanguage\":\"de\",\"@id\":\"https:\/\/www.vereinskassenwart.de\/index.php\/leistungsuebersicht\/#primaryimage\",\"url\":\"https:\/\/www.vereinskassenwart.de\/wp-content\/uploads\/2020\/12\/Bild_Start.png\",\"contentUrl\":\"https:\/\/www.vereinskassenwart.de\/wp-content\/uploads\/2020\/12\/Bild_Start.png\",\"width\":1562,\"height\":285},{\"@type\":\"BreadcrumbList\",\"@id\":\"https:\/\/www.vereinskassenwart.de\/index.php\/leistungsuebersicht\/#breadcrumb\",\"itemListElement\":[{\"@type\":\"ListItem\",\"position\":1,\"name\":\"Startseite\",\"item\":\"https:\/\/www.vereinskassenwart.de\/\"},{\"@type\":\"ListItem\",\"position\":2,\"name\":\"Leistungs\u00fcbersicht\"}]},{\"@type\":\"WebSite\",\"@id\":\"https:\/\/www.vereinskassenwart.de\/#website\",\"url\":\"https:\/\/www.vereinskassenwart.de\/\",\"name\":\"Carsten Orlam\u00fcnder\",\"description\":\"Kassenwartdienstleistung\",\"publisher\":{\"@id\":\"https:\/\/www.vereinskassenwart.de\/#organization\"},\"potentialAction\":[{\"@type\":\"SearchAction\",\"target\":{\"@type\":\"EntryPoint\",\"urlTemplate\":\"https:\/\/www.vereinskassenwart.de\/?s={search_term_string}\"},\"query-input\":{\"@type\":\"PropertyValueSpecification\",\"valueRequired\":true,\"valueName\":\"search_term_string\"}}],\"inLanguage\":\"de\"},{\"@type\":\"Organization\",\"@id\":\"https:\/\/www.vereinskassenwart.de\/#organization\",\"name\":\"Carsten Orlam\u00fcnder\",\"url\":\"https:\/\/www.vereinskassenwart.de\/\",\"logo\":{\"@type\":\"ImageObject\",\"inLanguage\":\"de\",\"@id\":\"https:\/\/www.vereinskassenwart.de\/#\/schema\/logo\/image\/\",\"url\":\"https:\/\/www.vereinskassenwart.de\/wp-content\/uploads\/2020\/11\/cropped-Logo-1.png\",\"contentUrl\":\"https:\/\/www.vereinskassenwart.de\/wp-content\/uploads\/2020\/11\/cropped-Logo-1.png\",\"width\":381,\"height\":177,\"caption\":\"Carsten Orlam\u00fcnder\"},\"image\":{\"@id\":\"https:\/\/www.vereinskassenwart.de\/#\/schema\/logo\/image\/\"}}]}<\/script>\n<!-- \/ Yoast SEO plugin. -->","yoast_head_json":{"title":"Leistungs\u00fcbersicht - Carsten Orlam\u00fcnder","robots":{"index":"index","follow":"follow","max-snippet":"max-snippet:-1","max-image-preview":"max-image-preview:large","max-video-preview":"max-video-preview:-1"},"canonical":"https:\/\/www.vereinskassenwart.de\/index.php\/leistungsuebersicht\/","og_locale":"de_DE","og_type":"article","og_title":"Leistungs\u00fcbersicht - Carsten Orlam\u00fcnder","og_description":"Meine Leistungs\u00fcbersicht +49 174 3508825 \u00a9 2020 Carsten Orlam\u00fcnder | Webdesign by WebdesignKonkret Phone-square-alt Envelope","og_url":"https:\/\/www.vereinskassenwart.de\/index.php\/leistungsuebersicht\/","og_site_name":"Carsten Orlam\u00fcnder","article_modified_time":"2022-11-24T10:20:41+00:00","og_image":[{"url":"https:\/\/www.vereinskassenwart.de\/wp-content\/uploads\/2020\/12\/Bild_Start.png","type":"","width":"","height":""}],"twitter_card":"summary_large_image","twitter_misc":{"Gesch\u00e4tzte Lesezeit":"1\u00a0Minute"},"schema":{"@context":"https:\/\/schema.org","@graph":[{"@type":"WebPage","@id":"https:\/\/www.vereinskassenwart.de\/index.php\/leistungsuebersicht\/","url":"https:\/\/www.vereinskassenwart.de\/index.php\/leistungsuebersicht\/","name":"Leistungs\u00fcbersicht - Carsten Orlam\u00fcnder","isPartOf":{"@id":"https:\/\/www.vereinskassenwart.de\/#website"},"primaryImageOfPage":{"@id":"https:\/\/www.vereinskassenwart.de\/index.php\/leistungsuebersicht\/#primaryimage"},"image":{"@id":"https:\/\/www.vereinskassenwart.de\/index.php\/leistungsuebersicht\/#primaryimage"},"thumbnailUrl":"https:\/\/www.vereinskassenwart.de\/wp-content\/uploads\/2020\/12\/Bild_Start.png","datePublished":"2020-11-21T12:51:07+00:00","dateModified":"2022-11-24T10:20:41+00:00","breadcrumb":{"@id":"https:\/\/www.vereinskassenwart.de\/index.php\/leistungsuebersicht\/#breadcrumb"},"inLanguage":"de","potentialAction":[{"@type":"ReadAction","target":["https:\/\/www.vereinskassenwart.de\/index.php\/leistungsuebersicht\/"]}]},{"@type":"ImageObject","inLanguage":"de","@id":"https:\/\/www.vereinskassenwart.de\/index.php\/leistungsuebersicht\/#primaryimage","url":"https:\/\/www.vereinskassenwart.de\/wp-content\/uploads\/2020\/12\/Bild_Start.png","contentUrl":"https:\/\/www.vereinskassenwart.de\/wp-content\/uploads\/2020\/12\/Bild_Start.png","width":1562,"height":285},{"@type":"BreadcrumbList","@id":"https:\/\/www.vereinskassenwart.de\/index.php\/leistungsuebersicht\/#breadcrumb","itemListElement":[{"@type":"ListItem","position":1,"name":"Startseite","item":"https:\/\/www.vereinskassenwart.de\/"},{"@type":"ListItem","position":2,"name":"Leistungs\u00fcbersicht"}]},{"@type":"WebSite","@id":"https:\/\/www.vereinskassenwart.de\/#website","url":"https:\/\/www.vereinskassenwart.de\/","name":"Carsten Orlam\u00fcnder","description":"Kassenwartdienstleistung","publisher":{"@id":"https:\/\/www.vereinskassenwart.de\/#organization"},"potentialAction":[{"@type":"SearchAction","target":{"@type":"EntryPoint","urlTemplate":"https:\/\/www.vereinskassenwart.de\/?s={search_term_string}"},"query-input":{"@type":"PropertyValueSpecification","valueRequired":true,"valueName":"search_term_string"}}],"inLanguage":"de"},{"@type":"Organization","@id":"https:\/\/www.vereinskassenwart.de\/#organization","name":"Carsten Orlam\u00fcnder","url":"https:\/\/www.vereinskassenwart.de\/","logo":{"@type":"ImageObject","inLanguage":"de","@id":"https:\/\/www.vereinskassenwart.de\/#\/schema\/logo\/image\/","url":"https:\/\/www.vereinskassenwart.de\/wp-content\/uploads\/2020\/11\/cropped-Logo-1.png","contentUrl":"https:\/\/www.vereinskassenwart.de\/wp-content\/uploads\/2020\/11\/cropped-Logo-1.png","width":381,"height":177,"caption":"Carsten Orlam\u00fcnder"},"image":{"@id":"https:\/\/www.vereinskassenwart.de\/#\/schema\/logo\/image\/"}}]}},"_links":{"self":[{"href":"https:\/\/www.vereinskassenwart.de\/index.php\/wp-json\/wp\/v2\/pages\/617","targetHints":{"allow":["GET"]}}],"collection":[{"href":"https:\/\/www.vereinskassenwart.de\/index.php\/wp-json\/wp\/v2\/pages"}],"about":[{"href":"https:\/\/www.vereinskassenwart.de\/index.php\/wp-json\/wp\/v2\/types\/page"}],"author":[{"embeddable":true,"href":"https:\/\/www.vereinskassenwart.de\/index.php\/wp-json\/wp\/v2\/users\/1"}],"replies":[{"embeddable":true,"href":"https:\/\/www.vereinskassenwart.de\/index.php\/wp-json\/wp\/v2\/comments?post=617"}],"version-history":[{"count":70,"href":"https:\/\/www.vereinskassenwart.de\/index.php\/wp-json\/wp\/v2\/pages\/617\/revisions"}],"predecessor-version":[{"id":1380,"href":"https:\/\/www.vereinskassenwart.de\/index.php\/wp-json\/wp\/v2\/pages\/617\/revisions\/1380"}],"wp:attachment":[{"href":"https:\/\/www.vereinskassenwart.de\/index.php\/wp-json\/wp\/v2\/media?parent=617"}],"curies":[{"name":"wp","href":"https:\/\/api.w.org\/{rel}","templated":true}]}}